{"id":4524,"date":"2017-02-24T09:55:24","date_gmt":"2017-02-24T07:55:24","guid":{"rendered":"http:\/\/www.salonulnauticbucuresti.ro\/?page_id=4524"},"modified":"2026-03-19T18:04:51","modified_gmt":"2026-03-19T16:04:51","slug":"info-visitors","status":"publish","type":"page","link":"https:\/\/www.salonulnauticbucuresti.ro\/?page_id=4524","title":{"rendered":"Info Visitors"},"content":{"rendered":"<p><strong> <a id=\"thumbnail\" href=\"http:\/\/www.33ff.com\/flags\/XL_flags\/Romania_flag.gif\"><img loading=\"lazy\" decoding=\"async\" style=\"margin: 10px 10px 0px; float: left; border: 1px solid;\" src=\"http:\/\/t3.gstatic.com\/images?q=tbn:iP3z9Rqsh5rnPM:http:\/\/www.33ff.com\/flags\/XL_flags\/Romania_flag.gif\" alt=\"Vede\u0163i imaginea la dimensiunea complet\u0103\" width=\"54\" height=\"39\" \/><\/a> <\/strong><\/p>\n<p><span style=\"color: #000080;\"><strong>Bun venit!<\/strong> (English version below)<\/span><\/p>\n<p><span style=\"color: #000080;\"><strong>Pe aceast\u0103 pagin\u0103 ve\u0163i g\u0103si informa\u0163ii care, sper\u0103m, v\u0103 vor fi de folos \u00een cazul \u00een care dori\u0163i s\u0103 vizita\u0163i expozi\u0163ia. (Salonul Nautic Interna\u021bional Bucure\u0219ti &#8211; Caravan, Motorhome &amp; Adventure)<\/strong><\/span><\/p>\n<p><span style=\"color: #000080;\"><strong>Loca\u0163ie: <a style=\"color: #000080;\" href=\"https:\/\/www.google.com\/maps\/place\/ROMAERO+S.A.\/@44.4941051,26.0861099,845m\/data=!3m2!1e3!4b1!4m6!3m5!1s0x40b2025894867521:0x4a51001b3dc2e2fa!8m2!3d44.4941051!4d26.0861099!16s%2Fg%2F1hc7qms15?entry=ttu&amp;g_ep=EgoyMDI1MTAyMC4wIKXMDSoASAFQAw%3D%3D\">ROMAERO<\/a> (B\u0103neasa) &#8211; situat\u0103 \u00een Bulevardul Ficusului Nr. 44, Bucure\u0219ti, 013975, Sector1<\/strong><\/span><\/p>\n<p><a href=\"https:\/\/www.salonulnauticbucuresti.ro\/wp-content\/uploads\/2026\/03\/PROGRAM-SALONUL-NAUTIC_CARAVAN_MOTORHOME-2026t-.jpg\"><img loading=\"lazy\" decoding=\"async\" class=\"aligncenter size-full wp-image-7687\" src=\"https:\/\/www.salonulnauticbucuresti.ro\/wp-content\/uploads\/2026\/03\/PROGRAM-SALONUL-NAUTIC_CARAVAN_MOTORHOME-2026t-.jpg\" alt=\"\" width=\"1181\" height=\"827\" srcset=\"https:\/\/www.salonulnauticbucuresti.ro\/wp-content\/uploads\/2026\/03\/PROGRAM-SALONUL-NAUTIC_CARAVAN_MOTORHOME-2026t-.jpg 1181w, https:\/\/www.salonulnauticbucuresti.ro\/wp-content\/uploads\/2026\/03\/PROGRAM-SALONUL-NAUTIC_CARAVAN_MOTORHOME-2026t--300x210.jpg 300w, https:\/\/www.salonulnauticbucuresti.ro\/wp-content\/uploads\/2026\/03\/PROGRAM-SALONUL-NAUTIC_CARAVAN_MOTORHOME-2026t--1024x717.jpg 1024w, https:\/\/www.salonulnauticbucuresti.ro\/wp-content\/uploads\/2026\/03\/PROGRAM-SALONUL-NAUTIC_CARAVAN_MOTORHOME-2026t--768x538.jpg 768w\" sizes=\"auto, (max-width: 1181px) 100vw, 1181px\" \/><\/a><\/p>\n<h2><span style=\"color: #ff0000;\"><strong>Acces<\/strong><\/span><\/h2>\n<p><strong><span style=\"color: #000080;\">Accesul se face pe baz\u0103 de bilet \u00een valoare de 50 lei sau pe baz\u0103 de invita\u0163ie. Biletele pot fi achizi\u021bionate de la intrarea \u00een expozi\u021bie. Un bilet este valabil pentru o intrare\/o persoan\u0103. Biletele sunt fiscalizate \u0219i includ TVA 21%.<\/span><\/strong><\/p>\n<p><strong><span style=\"color: #000080;\">Copii sub 10 ani beneficiaz\u0103 de intrare gratuit\u0103.<\/span><\/strong><\/p>\n<p><strong><span style=\"color: #333399;\">Parcarea\u00a0 pentru vizitatori este gratuit\u0103 \u00een intervalul orar 10:00 &#8211; 18:00.\u00a0<\/span><\/strong><\/p>\n<h4><span style=\"color: #000080;\">Cum ajung?<\/span><\/h4>\n<p><span style=\"color: #000080;\"><strong>Vezi pe harta<\/strong><\/span> <strong><a href=\"https:\/\/www.google.com\/maps\/place\/ROMAERO+S.A.\/@44.4997484,26.0888502,3987m\/data=!3m1!1e3!4m6!3m5!1s0x40b2025894867521:0x4a51001b3dc2e2fa!8m2!3d44.4941051!4d26.0861099!16s%2Fg%2F1hc7qms15?entry=ttu&amp;g_ep=EgoyMDI1MTAyMC4wIKXMDSoASAFQAw%3D%3D\">aici<\/a>!<\/strong><\/p>\n<h4><\/h4>\n<p><strong>\u00a0<\/strong><\/p>\n<h5><a href=\"http:\/\/images.google.ro\/imgres?imgurl=http:\/\/www.ausflag.com.au\/images\/union_Flag_1770.gif&amp;imgrefurl=http:\/\/www.northernexposureni.com\/2009_05_01_archive.html&amp;usg=__5NQL18dJixRY-fBEU165xQP7KCw=&amp;h=270&amp;w=446&amp;sz=4&amp;hl=ro&amp;start=13&amp;sig2=uMhSMHQPa1u88Rtsclmiew&amp;um=1&amp;tbnid=WwyOcvePOhEZ4M:&amp;tbnh=77&amp;tbnw=127&amp;prev=\/images%3Fq%3Dflags%2Bengland%26hl%3Dro%26rlz%3D1W1WZPA_en%26sa%3DN%26um%3D1&amp;ei=tfUPS7bgEZee_gaM0Iw2\"><img loading=\"lazy\" decoding=\"async\" style=\"vertical-align: bottom; border: 1px solid;\" src=\"http:\/\/t2.gstatic.com\/images?q=tbn:WwyOcvePOhEZ4M:http:\/\/www.ausflag.com.au\/images\/union_Flag_1770.gif\" alt=\"\" width=\"58\" height=\"38\" \/><\/a>\u00a0 \u00a0 \u00a0<strong>\u00a0<span style=\"color: #000080;\">Welcome!<\/span><\/strong><\/h5>\n<p><strong><span style=\"color: #000080;\">On this page you will find information, hopefully useful, in case you want to visit the Boat Show &amp; Caravan Show.<\/span><\/strong><\/p>\n<div><span style=\"font-family: georgia, serif; color: #000080;\">Venue: ROMAERO <span style=\"color: #000080;\">\u00a0<\/span><\/span><\/div>\n<div><span style=\"font-family: georgia, serif; color: #000080;\">Address: <span style=\"color: #000080;\">Bulevardul Ficusului, Nr.44 Bucure\u0219ti, 013975,\u00a0 Sector 1<\/span><\/span><\/div>\n<div><span style=\"font-family: georgia, serif; color: #000080;\">\u00a0<\/span><\/div>\n<div><span style=\"font-family: georgia, serif; color: #ff0000;\">Opening hours:<\/span><\/div>\n<div><span style=\"font-family: georgia, serif; color: #ff0000;\">\u00a0<\/span><\/div>\n<div>\n<ul>\n<li><span style=\"color: #ff0000;\"><strong><span style=\"font-family: georgia, serif;\">Thursday: 10:00 &#8211; 18:00<\/span><\/strong><\/span><\/li>\n<li><span style=\"color: #ff0000;\"><strong><span style=\"font-family: georgia, serif;\">Friday: 10:00 &#8211; 19:00<\/span><\/strong><\/span><\/li>\n<li><span style=\"color: #ff0000;\"><strong><span style=\"font-family: georgia, serif;\">Saturday: 10:00 &#8211; 19:00<\/span><\/strong><\/span><\/li>\n<li><span style=\"color: #ff0000;\"><strong><span style=\"font-family: georgia, serif;\">Sunday: 10:00 &#8211; 17:00<\/span><\/strong><\/span><\/li>\n<\/ul>\n<\/div>\n<div><span style=\"font-family: georgia, serif;\">\u00a0<\/span><\/div>\n<div><span style=\"font-family: georgia, serif; color: #000080;\"><span style=\"font-family: georgia, serif; color: #000080;\">Tickets: 50 lei. One ticket is valid for one entry\/one person.<\/span><\/span><\/p>\n<p id=\"tw-target-text\" class=\"tw-data-text tw-text-large tw-ta\" dir=\"ltr\" tabindex=\"-1\" role=\"text\" data-placeholder=\"Traducere\" data-ved=\"2ahUKEwiN_ZSOkI2TAxWdxwIHHZgvKxwQ3ewLegQIDBAW\" aria-label=\"Text tradus: Parking for visitors is free between 10:00 AM and 6:00 PM.\"><span class=\"Y2IQFc\" lang=\"en\" style=\"color: #000080;\"><strong>Parking for visitors is free between 10:00 AM and 6:00 PM<\/strong>.<\/span><\/p>\n<\/div>\n<div><\/div>\n<div><span style=\"font-family: georgia, serif; color: #000080;\">Children under 10 years receive free admission.<\/span><\/div>\n<div><span style=\"font-family: georgia, serif; color: #000080;\">\u00a0<\/span><\/div>\n<h5><span style=\"font-family: georgia, serif; color: #000080;\">How to get there?<\/span><\/h5>\n<div><span style=\"font-family: georgia, serif; color: #000080;\">\u00a0<\/span><\/div>\n<div><span style=\"color: #0000ff;\"><span style=\"color: #000080;\"><strong>See on the map<\/strong><\/span> <strong><a href=\"https:\/\/www.google.com\/maps\/place\/ROMAERO+S.A.\/@44.4997484,26.0888502,3987m\/data=!3m1!1e3!4m6!3m5!1s0x40b2025894867521:0x4a51001b3dc2e2fa!8m2!3d44.4941051!4d26.0861099!16s%2Fg%2F1hc7qms15?entry=ttu&amp;g_ep=EgoyMDI1MTAyMC4wIKXMDSoASAFQAw%3D%3D\">here<\/a>!<\/strong><\/span><\/div>\n<div><span style=\"font-family: georgia, serif; color: #000080;\">\u00a0<\/span><\/div>\n<div><span style=\"font-family: georgia, serif; color: #000080;\">\u00a0<\/span><\/div>\n<div><\/div>\n<div><a href=\"https:\/\/www.salonulnauticbucuresti.ro\/wp-content\/uploads\/2025\/10\/SALONUL-NAUTIC_CARAVAN-MOTORHOME_Cum-ajung.jpg\"><img loading=\"lazy\" decoding=\"async\" class=\"aligncenter size-full wp-image-7624\" src=\"https:\/\/www.salonulnauticbucuresti.ro\/wp-content\/uploads\/2025\/10\/SALONUL-NAUTIC_CARAVAN-MOTORHOME_Cum-ajung.jpg\" alt=\"\" width=\"1254\" height=\"647\" srcset=\"https:\/\/www.salonulnauticbucuresti.ro\/wp-content\/uploads\/2025\/10\/SALONUL-NAUTIC_CARAVAN-MOTORHOME_Cum-ajung.jpg 1254w, https:\/\/www.salonulnauticbucuresti.ro\/wp-content\/uploads\/2025\/10\/SALONUL-NAUTIC_CARAVAN-MOTORHOME_Cum-ajung-300x155.jpg 300w, https:\/\/www.salonulnauticbucuresti.ro\/wp-content\/uploads\/2025\/10\/SALONUL-NAUTIC_CARAVAN-MOTORHOME_Cum-ajung-1024x528.jpg 1024w, https:\/\/www.salonulnauticbucuresti.ro\/wp-content\/uploads\/2025\/10\/SALONUL-NAUTIC_CARAVAN-MOTORHOME_Cum-ajung-768x396.jpg 768w\" sizes=\"auto, (max-width: 1254px) 100vw, 1254px\" \/><\/a><\/div>\n<div><\/div>\n<div><\/div>\n<div><\/div>\n<p><span style=\"color: #000080;\"><strong>\u00a0<\/strong><\/span><\/p>\n","protected":false},"excerpt":{"rendered":"<p>Bun venit! (English version below) Pe aceast\u0103 pagin\u0103 ve\u0163i g\u0103si informa\u0163ii care, sper\u0103m, v\u0103 vor fi de folos \u00een cazul \u00een care dori\u0163i s\u0103 vizita\u0163i<\/p>\n","protected":false},"author":1,"featured_media":0,"parent":0,"menu_order":0,"comment_status":"closed","ping_status":"open","template":"","meta":{"sfsi_plus_gutenberg_text_before_share":"","sfsi_plus_gutenberg_show_text_before_share":"","sfsi_plus_gutenberg_icon_type":"","sfsi_plus_gutenberg_icon_alignemt":"","sfsi_plus_gutenburg_max_per_row":"","footnotes":""},"class_list":["post-4524","page","type-page","status-publish","hentry"],"_links":{"self":[{"href":"https:\/\/www.salonulnauticbucuresti.ro\/index.php?rest_route=\/wp\/v2\/pages\/4524","targetHints":{"allow":["GET"]}}],"collection":[{"href":"https:\/\/www.salonulnauticbucuresti.ro\/index.php?rest_route=\/wp\/v2\/pages"}],"about":[{"href":"https:\/\/www.salonulnauticbucuresti.ro\/index.php?rest_route=\/wp\/v2\/types\/page"}],"author":[{"embeddable":true,"href":"https:\/\/www.salonulnauticbucuresti.ro\/index.php?rest_route=\/wp\/v2\/users\/1"}],"replies":[{"embeddable":true,"href":"https:\/\/www.salonulnauticbucuresti.ro\/index.php?rest_route=%2Fwp%2Fv2%2Fcomments&post=4524"}],"version-history":[{"count":38,"href":"https:\/\/www.salonulnauticbucuresti.ro\/index.php?rest_route=\/wp\/v2\/pages\/4524\/revisions"}],"predecessor-version":[{"id":7688,"href":"https:\/\/www.salonulnauticbucuresti.ro\/index.php?rest_route=\/wp\/v2\/pages\/4524\/revisions\/7688"}],"wp:attachment":[{"href":"https:\/\/www.salonulnauticbucuresti.ro\/index.php?rest_route=%2Fwp%2Fv2%2Fmedia&parent=4524"}],"curies":[{"name":"wp","href":"https:\/\/api.w.org\/{rel}","templated":true}]}}